{"id":1170,"date":"2022-02-24T14:11:37","date_gmt":"2022-02-24T14:11:37","guid":{"rendered":"https:\/\/emergeproject.net\/elearning\/"},"modified":"2023-12-21T10:32:20","modified_gmt":"2023-12-21T10:32:20","slug":"elearning","status":"publish","type":"page","link":"https:\/\/emergeproject.net\/tr\/elearning\/","title":{"rendered":"E-\u00d6\u011frenim"},"content":{"rendered":"<div>\n<p>        <img decoding=\"async\" src=\"\/wp-content\/uploads\/2022\/10\/EMERGE_elearning.svg\" alt=\"EMERGE Project - e-Learning\"><\/p>\n<div>\n<p>Platformda hem Vatanda\u015flar\u0131n G\u00fc\u00e7lendirilmesi Kursuna hem de Sivil Toplum \u00d6rg\u00fctleri ( ST\u00d6&#8217;ler) i\u00e7in Kapasite Geli\u015ftirme E\u011fitimine eri\u015febilirsiniz. Vatanda\u015f\u0131 G\u00fc\u00e7lendirme Kursunun amac\u0131, kat\u0131l\u0131mc\u0131lar\u0131n temel toplumsal konular, mevcut ger\u00e7ekler ve zorluklar hakk\u0131ndaki anlay\u0131\u015flar\u0131n\u0131 derinle\u015ftirmektir. Kurs, sivil kat\u0131l\u0131m\u0131n \u00f6nemini ve sivil toplum \u00f6rg\u00fctlerinin kamusal s\u00fcre\u00e7leri etkilemedeki ve vatanda\u015flar\u0131n haklar\u0131n\u0131 ve bak\u0131\u015f a\u00e7\u0131lar\u0131n\u0131 savunmadaki rol\u00fcn\u00fc vurgulamaktad\u0131r. Sivil Toplum \u00d6rg\u00fctleri ( ST\u00d6&#8217;ler) i\u00e7in Kapasite Geli\u015ftirme E\u011fitimi, ST\u00d6&#8217;lerin kapasitelerini ve s\u00fcrd\u00fcr\u00fclebilirliklerini geli\u015ftirmeyi, bu \u00f6rg\u00fctleri desteklemeyi ve g\u00fc\u00e7lendirmeyi taahh\u00fct etmektedir.<\/p>\n<\/div>\n<p><a href=\"https:\/\/elearning.emergeproject.net\/\">Platformu ziyaret ediniz<\/a><\/p>\n<\/div>\n<p><!--more--><br \/>\n<!-- {\"type\":\"layout\",\"children\":[{\"type\":\"section\",\"props\":{\"animation\":\"fade\",\"height\":\"percent\",\"image_position\":\"center-center\",\"padding_remove_top\":true,\"style\":\"default\",\"title_breakpoint\":\"xl\",\"title_position\":\"top-left\",\"title_rotation\":\"left\",\"vertical_align\":\"middle\",\"width\":\"default\"},\"children\":[{\"type\":\"row\",\"children\":[{\"type\":\"column\",\"props\":{\"image_position\":\"center-center\",\"media_overlay_gradient\":\"\",\"position_sticky_breakpoint\":\"m\"},\"children\":[{\"type\":\"headline\",\"props\":{\"title_color\":\"primary\",\"title_element\":\"h1\"},\"source\":{\"query\":{\"name\":\"pages.singlePage\"},\"props\":{\"content\":{\"filters\":{\"search\":\"\"},\"name\":\"title\"}}}}]}]},{\"type\":\"row\",\"children\":[{\"type\":\"column\",\"props\":{\"image_position\":\"center-center\",\"media_overlay_gradient\":\"\",\"position_sticky_breakpoint\":\"m\"},\"children\":[{\"type\":\"panel\",\"props\":{\"animation\":\"slide-bottom-medium\",\"content\":\"\n\n<p>Platformda hem Vatanda\\u015flar\\u0131n G\\u00fc\\u00e7lendirilmesi Kursuna hem de Sivil Toplum \\u00d6rg\\u00fctleri ( ST\\u00d6'ler) i\\u00e7in Kapasite Geli\\u015ftirme E\\u011fitimine eri\\u015febilirsiniz. Vatanda\\u015f\\u0131 G\\u00fc\\u00e7lendirme Kursunun amac\\u0131, kat\\u0131l\\u0131mc\\u0131lar\\u0131n temel toplumsal konular, mevcut ger\\u00e7ekler ve zorluklar hakk\\u0131ndaki anlay\\u0131\\u015flar\\u0131n\\u0131 derinle\\u015ftirmektir. Kurs, sivil kat\\u0131l\\u0131m\\u0131n \\u00f6nemini ve sivil toplum \\u00f6rg\\u00fctlerinin kamusal s\\u00fcre\\u00e7leri etkilemedeki ve vatanda\\u015flar\\u0131n haklar\\u0131n\\u0131 ve bak\\u0131\\u015f a\\u00e7\\u0131lar\\u0131n\\u0131 savunmadaki rol\\u00fcn\\u00fc vurgulamaktad\\u0131r. Sivil Toplum \\u00d6rg\\u00fctleri ( ST\\u00d6'ler) i\\u00e7in Kapasite Geli\\u015ftirme E\\u011fitimi, ST\\u00d6'lerin kapasitelerini ve s\\u00fcrd\\u00fcr\\u00fclebilirliklerini geli\\u015ftirmeyi, bu \\u00f6rg\\u00fctleri desteklemeyi ve g\\u00fc\\u00e7lendirmeyi taahh\\u00fct etmektedir.<\\\/p>\",\"content_column_breakpoint\":\"m\",\"icon_width\":80,\"image\":\"wp-content\\\/uploads\\\/2022\\\/10\\\/EMERGE_elearning.svg\",\"image_align\":\"left\",\"image_alt\":\"EMERGE Project - e-Learning\",\"image_grid_breakpoint\":\"m\",\"image_grid_width\":\"1-3\",\"image_svg_color\":\"emphasis\",\"image_width\":\"250\",\"link\":\"https:\\\/\\\/elearning.emergeproject.net\\\/\",\"link_style\":\"primary\",\"link_target\":true,\"link_text\":\"Platformu ziyaret ediniz\",\"margin\":\"default\",\"meta_align\":\"below-title\",\"meta_element\":\"div\",\"meta_style\":\"text-meta\",\"panel_padding\":\"\",\"title\":\"\",\"title_align\":\"top\",\"title_color\":\"success\",\"title_element\":\"h3\",\"title_grid_breakpoint\":\"m\",\"title_grid_width\":\"1-2\",\"title_hover_style\":\"reset\"},\"name\":\"left-image-panel\"}]}]}]},{\"type\":\"section\",\"props\":{\"image_position\":\"center-center\",\"style\":\"default\",\"title_breakpoint\":\"xl\",\"title_position\":\"top-left\",\"title_rotation\":\"left\",\"vertical_align\":\"middle\",\"width\":\"default\"},\"children\":[{\"type\":\"row\",\"children\":[{\"type\":\"column\",\"props\":{\"image_position\":\"center-center\",\"media_overlay_gradient\":\"\",\"position_sticky_breakpoint\":\"m\"},\"children\":[]}]}],\"name\":\"Spacer\"}],\"version\":\"3.0.18\"} --><\/p>\n","protected":false},"excerpt":{"rendered":"<p>Platformda hem Vatanda\u015flar\u0131n G\u00fc\u00e7lendirilmesi Kursuna hem de Sivil Toplum \u00d6rg\u00fctleri ( ST\u00d6&#8217;ler) i\u00e7in Kapasite Geli\u015ftirme E\u011fitimine eri\u015febilirsiniz. Vatanda\u015f\u0131 G\u00fc\u00e7lendirme Kursunun amac\u0131, kat\u0131l\u0131mc\u0131lar\u0131n temel toplumsal konular,..<\/p>\n","protected":false},"author":1,"featured_media":0,"parent":0,"menu_order":0,"comment_status":"closed","ping_status":"closed","template":"","meta":{"_acf_changed":false,"inline_featured_image":false,"footnotes":""},"class_list":["post-1170","page","type-page","status-publish","hentry"],"acf":[],"_links":{"self":[{"href":"https:\/\/emergeproject.net\/tr\/wp-json\/wp\/v2\/pages\/1170","targetHints":{"allow":["GET"]}}],"collection":[{"href":"https:\/\/emergeproject.net\/tr\/wp-json\/wp\/v2\/pages"}],"about":[{"href":"https:\/\/emergeproject.net\/tr\/wp-json\/wp\/v2\/types\/page"}],"author":[{"embeddable":true,"href":"https:\/\/emergeproject.net\/tr\/wp-json\/wp\/v2\/users\/1"}],"replies":[{"embeddable":true,"href":"https:\/\/emergeproject.net\/tr\/wp-json\/wp\/v2\/comments?post=1170"}],"version-history":[{"count":5,"href":"https:\/\/emergeproject.net\/tr\/wp-json\/wp\/v2\/pages\/1170\/revisions"}],"predecessor-version":[{"id":1380,"href":"https:\/\/emergeproject.net\/tr\/wp-json\/wp\/v2\/pages\/1170\/revisions\/1380"}],"wp:attachment":[{"href":"https:\/\/emergeproject.net\/tr\/wp-json\/wp\/v2\/media?parent=1170"}],"curies":[{"name":"wp","href":"https:\/\/api.w.org\/{rel}","templated":true}]}}