{"id":1171,"date":"2022-02-24T14:11:37","date_gmt":"2022-02-24T12:11:37","guid":{"rendered":"https:\/\/emergeproject.net\/home\/"},"modified":"2024-03-14T10:48:48","modified_gmt":"2024-03-14T08:48:48","slug":"home","status":"publish","type":"page","link":"https:\/\/emergeproject.net\/tr\/","title":{"rendered":"Anasayfa"},"content":{"rendered":"<h1>Sivil Kat\u0131l\u0131m\u0131 ve Kat\u0131l\u0131m\u0131 G\u00fc\u00e7lendirmek<\/h1>\n<h1>Sivil Kat\u0131l\u0131m\u0131 ve Kat\u0131l\u0131m\u0131 G\u00fc\u00e7lendirmek<\/h1>\n<p><iframe src=\"https:\/\/www.youtube.com\/watch?v=8yEdz4Mku9Y\"><\/iframe><\/p>\n<h2>HAKKINDA<\/h2>\n<div>\n<p>K\u0131br\u0131s&#8217;ta sivil kat\u0131l\u0131m ve aktif vatanda\u015fl\u0131k, kurumsal engeller veya vatanda\u015flar\u0131n stat\u00fclerine ili\u015fkin fark\u0131ndal\u0131k eksikli\u011fi gibi bir\u00e7ok zorlukla kar\u015f\u0131 kar\u015f\u0131yad\u0131r.<\/p>\n<p>Aktif vatanda\u015fl\u0131k ve sivil kat\u0131l\u0131m, e\u015fitlik\u00e7i ve dayan\u0131kl\u0131 bir toplum in\u015fa etmek i\u00e7in hayati \u00f6neme sahiptir. EMERGE, sivil toplumu g\u00fc\u00e7lendirmek ve sivil kat\u0131l\u0131m\u0131 te\u015fvik etmek i\u00e7in kapsaml\u0131 bir \u00e7er\u00e7eve ortaya koymay\u0131 \u00f6ng\u00f6r\u00fcyor.<\/p>\n<\/div>\n<p>\n    <a href=\"\/tr\/about\">Devam\u0131n\u0131 oku<\/a>\n<\/p>\n<p><img decoding=\"async\" src=\"\/wp-content\/uploads\/2022\/10\/EMERGE-about.svg\" alt=\"EMERGE-about\"><\/p>\n<hr>\n<hr>\n<h2>E-\u00d6\u011eREN\u0130M<\/h2>\n<div>\n<p>Platformda hem Vatanda\u015flar\u0131n G\u00fc\u00e7lendirilmesi Kursuna hem de Sivil Toplum \u00d6rg\u00fctleri ( ST\u00d6&#8217;ler) i\u00e7in Kapasite Geli\u015ftirme E\u011fitimine eri\u015febilirsiniz. Vatanda\u015f\u0131 G\u00fc\u00e7lendirme Kursunun amac\u0131, kat\u0131l\u0131mc\u0131lar\u0131n temel toplumsal konular, mevcut ger\u00e7ekler ve zorluklar hakk\u0131ndaki anlay\u0131\u015flar\u0131n\u0131 derinle\u015ftirmektir. Kurs, sivil kat\u0131l\u0131m\u0131n \u00f6nemini ve sivil toplum \u00f6rg\u00fctlerinin kamusal s\u00fcre\u00e7leri etkilemedeki ve vatanda\u015flar\u0131n haklar\u0131n\u0131 ve bak\u0131\u015f a\u00e7\u0131lar\u0131n\u0131 savunmadaki rol\u00fcn\u00fc vurgulamaktad\u0131r. Sivil Toplum \u00d6rg\u00fctleri ( ST\u00d6&#8217;ler) i\u00e7in Kapasite Geli\u015ftirme E\u011fitimi, ST\u00d6&#8217;lerin kapasitelerini ve s\u00fcrd\u00fcr\u00fclebilirliklerini geli\u015ftirmeyi, bu \u00f6rg\u00fctleri desteklemeyi ve g\u00fc\u00e7lendirmeyi taahh\u00fct etmektedir.<\/p>\n<\/div>\n<p>\n    <a href=\"https:\/\/elearning.emergeproject.net\/\">Platformu ziyaret ediniz<\/a>\n<\/p>\n<p><img decoding=\"async\" src=\"\/wp-content\/uploads\/2022\/10\/EMERGE_elearning.svg\" alt=\"EMERGE-about\"><\/p>\n<h3>Haberler<\/h3>\n<div>\n<\/div>\n<p>\n    <a href=\"\/news\">View all news<\/a>\n<\/p>\n<h3>Bize Ula\u015f\u0131n\u0131z<\/h3>\n<div>\n<p>[contact-form-7 id=&#8221;8&#8243; title=&#8221;Contact form EN&#8221;]<\/p>\n<\/div>\n<p><img decoding=\"async\" src=\"\/wp-content\/uploads\/2022\/10\/EMERGE_contact-1.svg\" alt=\"EMERGE_contact\"><\/p>\n<p><!--more--><br \/>\n<!-- {\"type\":\"layout\",\"children\":[{\"type\":\"section\",\"props\":{\"animation\":\"fade\",\"height\":\"full\",\"image\":\"wp-content\\\/uploads\\\/2022\\\/10\\\/EMERGE-mainIllu-2.svg\",\"image_effect\":\"fixed\",\"image_position\":\"bottom-center\",\"image_width\":\"400\",\"padding_remove_bottom\":true,\"preserve_color\":false,\"style\":\"primary\",\"title_breakpoint\":\"xl\",\"title_position\":\"top-left\",\"title_rotation\":\"left\",\"vertical_align\":\"middle\",\"width\":\"\"},\"children\":[{\"type\":\"row\",\"props\":{\"column_gap\":\"collapse\",\"height\":\"full\",\"margin\":\"remove-vertical\",\"match\":false,\"row_gap\":\"collapse\"},\"children\":[{\"type\":\"column\",\"props\":{\"image\":\"wp-content\\\/uploads\\\/2022\\\/10\\\/EMERGE-mainIllu-1.svg\",\"image_effect\":\"parallax\",\"image_parallax_bgy\":\"0,210\",\"image_parallax_easing\":\"1\",\"image_position\":\"bottom-center\",\"image_width\":\"900\",\"padding\":\"none\",\"position_sticky\":\"column\",\"position_sticky_breakpoint\":\"\",\"position_sticky_offset\":\"28\"},\"children\":[{\"type\":\"headline\",\"props\":{\"block_align\":\"center\",\"content\":\"Sivil Kat\\u0131l\\u0131m\\u0131 ve Kat\\u0131l\\u0131m\\u0131 G\\u00fc\\u00e7lendirmek\",\"maxwidth\":\"small\",\"position_top\":\"0\",\"text_align\":\"center\",\"title_color\":\"secondary\",\"title_element\":\"h1\",\"title_font_family\":\"primary\",\"title_style\":\"heading-small\",\"visibility\":\"hidden-s\"},\"name\":\"SM\"}]}]},{\"type\":\"row\",\"props\":{\"column_gap\":\"collapse\",\"height\":\"full\",\"margin\":\"remove-vertical\",\"row_gap\":\"collapse\"},\"children\":[{\"type\":\"column\",\"props\":{\"image\":\"wp-content\\\/uploads\\\/2022\\\/10\\\/EMERGE-mainIllu-1.svg\",\"image_effect\":\"parallax\",\"image_parallax_bgy\":\"0,210\",\"image_parallax_easing\":\"1\",\"image_position\":\"bottom-center\",\"image_size\":\"width-1-1\",\"image_width\":\"1020\",\"padding\":\"none\",\"position_sticky\":\"column\",\"position_sticky_breakpoint\":\"\",\"position_sticky_offset\":\"10\"},\"children\":[{\"type\":\"headline\",\"props\":{\"block_align\":\"center\",\"content\":\"Sivil Kat\\u0131l\\u0131m\\u0131 ve Kat\\u0131l\\u0131m\\u0131 G\\u00fc\\u00e7lendirmek\",\"maxwidth\":\"xlarge\",\"position_top\":\"-270\",\"text_align\":\"center\",\"title_color\":\"secondary\",\"title_element\":\"h1\",\"title_font_family\":\"primary\",\"title_style\":\"heading-medium\",\"visibility\":\"s\"},\"name\":\"MD\"}]}]},{\"type\":\"row\",\"props\":{\"alignment\":\"center\"},\"children\":[{\"type\":\"column\",\"props\":{\"image_position\":\"center-center\",\"position_sticky_breakpoint\":\"m\"},\"children\":[{\"type\":\"video\",\"props\":{\"margin\":\"default\",\"text_align\":\"center\",\"video\":\"https:\\\/\\\/www.youtube.com\\\/watch?v=8yEdz4Mku9Y\",\"video_controls\":true,\"video_height\":\"400\",\"video_lazyload\":true,\"video_width\":\"100%\"}}]}]}]},{\"type\":\"section\",\"props\":{\"image\":\"wp-content\\\/uploads\\\/2024\\\/02\\\/EMERGE_Open_dialogues-01.png\",\"image_focal_point\":\"bottom-center\",\"image_position\":\"center-center\",\"image_size\":\"contain\",\"media_overlay\":\"rgba(11, 72, 86, 0.73)\",\"padding\":\"large\",\"padding_remove_top\":false,\"status\":\"disabled\",\"style\":\"secondary\",\"title_breakpoint\":\"xl\",\"title_position\":\"top-left\",\"title_rotation\":\"left\",\"vertical_align\":\"\",\"width\":\"default\"},\"children\":[{\"type\":\"row\",\"props\":{\"margin\":\"remove-vertical\",\"width\":\"small\"},\"children\":[{\"type\":\"column\",\"props\":{\"image_effect\":\"parallax\",\"image_position\":\"center-center\",\"image_size\":\"width-1-1\",\"media_overlay\":\"rgba(11, 72, 86, 0.73)\",\"position_sticky_breakpoint\":\"m\"},\"children\":[{\"type\":\"headline\",\"props\":{\"content\":\"\\u03a3\\u03b5\\u03b9\\u03c1\\u03ac \\u03b5\\u03ba\\u03b4\\u03b7\\u03bb\\u03ce\\u03c3\\u03b5\\u03c9\\u03bd \\u0391\\u03bd\\u03bf\\u03b9\\u03c7\\u03c4\\u03bf\\u03cd \\u0394\\u03b9\\u03b1\\u03bb\\u03cc\\u03b3\\u03bf\\u03c5 \\u03bc\\u03b5\\u03c4\\u03b1\\u03be\\u03cd \\u03c0\\u03bf\\u03bb\\u03b9\\u03c4\\u03ce\\u03bd \\u03ba\\u03b1\\u03b9 \\u03c6\\u03bf\\u03c1\\u03ad\\u03c9\\u03bd\",\"title_element\":\"h1\"}},{\"type\":\"text\",\"props\":{\"column_breakpoint\":\"m\",\"content\":\"\n\n<p>\\u03a3\\u03c4\\u03bf \\u03c0\\u03bb\\u03b1\\u03af\\u03c3\\u03b9\\u03bf \\u03c4\\u03b7\\u03c2 \\u03c0\\u03c1\\u03bf\\u03c3\\u03c0\\u03ac\\u03b8\\u03b5\\u03b9\\u03b1\\u03c2 \\u03c4\\u03bf\\u03c5 \\u03bd\\u03b1 \\u03c3\\u03c5\\u03bc\\u03b2\\u03ac\\u03bb\\u03bb\\u03b5\\u03b9 \\u03c3\\u03c4\\u03b7\\u03bd \\u03b5\\u03bd\\u03b7\\u03bc\\u03ad\\u03c1\\u03c9\\u03c3\\u03b7 \\u03ba\\u03b1\\u03b9 \\u03b5\\u03bd\\u03b5\\u03c1\\u03b3\\u03bf\\u03c0\\u03bf\\u03af\\u03b7\\u03c3\\u03b7 \\u03c4\\u03c9\\u03bd \\u03c0\\u03bf\\u03bb\\u03b9\\u03c4\\u03ce\\u03bd \\u03c3\\u03c4\\u03b1 \\u03ba\\u03bf\\u03b9\\u03bd\\u03ac, \\u03c4\\u03bf EMERGE \\u03b4\\u03b9\\u03bf\\u03c1\\u03b3\\u03b1\\u03bd\\u03ce\\u03bd\\u03b5\\u03b9 \\u03bc\\u03b9\\u03b1 \\u03c3\\u03b5\\u03b9\\u03c1\\u03ac \\u03b5\\u03ba\\u03b4\\u03b7\\u03bb\\u03ce\\u03c3\\u03b5\\u03c9\\u03bd \\u03b1\\u03bd\\u03bf\\u03b9\\u03c7\\u03c4\\u03bf\\u03cd \\u03b4\\u03b9\\u03b1\\u03bb\\u03cc\\u03b3\\u03bf\\u03c5 \\u03bc\\u03b5\\u03c4\\u03b1\\u03be\\u03cd \\u03c4\\u03c9\\u03bd \\u03c0\\u03bf\\u03bb\\u03b9\\u03c4\\u03ce\\u03bd \\u03ba\\u03b1\\u03b9 \\u03ba\\u03c5\\u03b2\\u03b5\\u03c1\\u03bd\\u03b7\\u03c4\\u03b9\\u03ba\\u03ce\\u03bd \\u03c6\\u03bf\\u03c1\\u03ad\\u03c9\\u03bd. \\u039f\\u03b9 \\u03b5\\u03bd \\u03bb\\u03cc\\u03b3\\u03c9 \\u03b5\\u03ba\\u03b4\\u03b7\\u03bb\\u03ce\\u03c3\\u03b5\\u03b9\\u03c2 \\u03ad\\u03c7\\u03bf\\u03c5\\u03bd \\u03c9\\u03c2 \\u03c3\\u03c4\\u03cc\\u03c7\\u03bf \\u03bd\\u03b1 \\u03c0\\u03c1\\u03bf\\u03c3\\u03c6\\u03ad\\u03c1\\u03bf\\u03c5\\u03bd \\u03c4\\u03b7\\u03bd \\u03b5\\u03c5\\u03ba\\u03b1\\u03b9\\u03c1\\u03af\\u03b1 \\u03c3\\u03c4\\u03bf\\u03c5\\u03c2 \\u03c0\\u03bf\\u03bb\\u03af\\u03c4\\u03b5\\u03c2 \\u03bd\\u03b1 \\u03b5\\u03bd\\u03b7\\u03bc\\u03b5\\u03c1\\u03c9\\u03b8\\u03bf\\u03cd\\u03bd \\u03b3\\u03b9\\u03b1 \\u03c4\\u03b1 \\u03b4\\u03b5\\u03b4\\u03bf\\u03bc\\u03ad\\u03bd\\u03b1 \\u03c0\\u03bf\\u03c5 \\u03ba\\u03b1\\u03c4\\u03b1\\u03b3\\u03c1\\u03ac\\u03c6\\u03bf\\u03bd\\u03c4\\u03b1\\u03b9 \\u03ba\\u03b1\\u03b9 \\u03c4\\u03b9\\u03c2 \\u03c0\\u03bf\\u03bb\\u03b9\\u03c4\\u03b9\\u03ba\\u03ad\\u03c2 \\u03c0\\u03bf\\u03c5 \\u03c5\\u03bb\\u03bf\\u03c0\\u03bf\\u03b9\\u03bf\\u03cd\\u03bd\\u03c4\\u03b1\\u03b9 \\u03b1\\u03bb\\u03bb\\u03ac \\u03ba\\u03b1\\u03b9 \\u03bd\\u03b1 \\u03c3\\u03c5\\u03b6\\u03b7\\u03c4\\u03ae\\u03c3\\u03bf\\u03c5\\u03bd \\u03bc\\u03b5 \\u03c4\\u03bf\\u03c5\\u03c2\\\/\\u03b9\\u03c2 \\u03b1\\u03be\\u03b9\\u03c9\\u03bc\\u03b1\\u03c4\\u03bf\\u03cd\\u03c7\\u03bf\\u03c5\\u03c2 \\u03ba\\u03b1\\u03c4\\u03b1\\u03b8\\u03ad\\u03c4\\u03bf\\u03bd\\u03c4\\u03b1\\u03c2 \\u03c4\\u03b9\\u03c2 \\u03b1\\u03c0\\u03cc\\u03c8\\u03b5\\u03b9\\u03c2, \\u03b5\\u03b9\\u03c3\\u03b7\\u03b3\\u03ae\\u03c3\\u03b5\\u03b9\\u03c2 \\u03ba\\u03b1\\u03b9 \\u03b5\\u03bc\\u03c0\\u03b5\\u03b9\\u03c1\\u03af\\u03b5\\u03c2 \\u03c4\\u03bf\\u03c5\\u03c2.<\\\/p>\",\"margin\":\"default\",\"text_style\":\"lead\"}},{\"type\":\"button\",\"props\":{\"grid_column_gap\":\"small\",\"grid_row_gap\":\"small\",\"margin\":\"default\"},\"children\":[{\"type\":\"button_item\",\"props\":{\"button_style\":\"danger\",\"content\":\"\\u03a0\\u03b5\\u03c1\\u03b9\\u03c3\\u03c3\\u03cc\\u03c4\\u03b5\\u03c1\\u03b1\",\"icon_align\":\"left\",\"link\":\"https:\\\/\\\/emergeproject.net\\\/tr\\\/open-dialogue-events\\\/\"}}]}]}]}],\"name\":\"Open Dialogues - BKP\"},{\"type\":\"section\",\"props\":{\"image\":\"wp-content\\\/uploads\\\/2024\\\/02\\\/EMERGE_FinalConference-01.png\",\"image_position\":\"center-center\",\"image_size\":\"contain\",\"media_overlay\":\"rgba(11, 72, 86, 0.73)\",\"padding\":\"large\",\"padding_remove_top\":false,\"status\":\"disabled\",\"style\":\"primary\",\"title_breakpoint\":\"xl\",\"title_position\":\"top-left\",\"title_rotation\":\"left\",\"vertical_align\":\"middle\",\"width\":\"default\"},\"children\":[{\"type\":\"row\",\"props\":{\"margin\":\"remove-vertical\",\"width\":\"small\"},\"children\":[{\"type\":\"column\",\"props\":{\"image_effect\":\"parallax\",\"image_position\":\"center-center\",\"image_size\":\"width-1-1\",\"media_overlay\":\"rgba(11, 72, 86, 0.73)\",\"position_sticky_breakpoint\":\"m\"},\"children\":[{\"type\":\"headline\",\"props\":{\"content\":\"Final Conference\",\"title_element\":\"h1\"}},{\"type\":\"text\",\"props\":{\"column_breakpoint\":\"m\",\"content\":\"\n\n<p>CARDET is organising the <strong>\\\"Shaping Tomorrow: Enhancing Civic Participation in Cyprus\\\"<\\\/strong> event for the final conference of the EMERGE project!<\\\/p>\",\"margin\":\"default\",\"text_style\":\"lead\"}},{\"type\":\"text\",\"props\":{\"column_breakpoint\":\"m\",\"content\":\"\n\n<p>The conference promises to be an enriching platform for discussing and shaping the future of civic participation in Cyprus. It will feature prominent speakers and experts, offering a unique opportunity for learning, networking, and contributing to this vital conversation.<\\\/p>\",\"margin\":\"default\"}},{\"type\":\"button\",\"props\":{\"grid_column_gap\":\"small\",\"grid_row_gap\":\"small\",\"margin\":\"default\"},\"children\":[{\"type\":\"button_item\",\"props\":{\"button_style\":\"danger\",\"content\":\"Info & Registration\",\"icon_align\":\"left\",\"link\":\"final-conference\\\/\"}}]}]}]}],\"name\":\"Final conference SECTION - BKP\"},{\"type\":\"section\",\"props\":{\"image_position\":\"center-center\",\"padding\":\"large\",\"padding_remove_top\":false,\"style\":\"default\",\"title_breakpoint\":\"xl\",\"title_position\":\"top-left\",\"title_rotation\":\"left\",\"vertical_align\":\"middle\",\"width\":\"default\"},\"children\":[{\"type\":\"row\",\"props\":{\"layout\":\"2-3,1-3\",\"match\":true},\"children\":[{\"type\":\"column\",\"props\":{\"image_position\":\"center-center\",\"position_sticky\":\"column\",\"position_sticky_breakpoint\":\"\",\"position_sticky_offset\":\"10\",\"width_medium\":\"2-3\"},\"children\":[{\"type\":\"headline\",\"props\":{\"content\":\"HAKKINDA\",\"title_element\":\"h2\",\"title_style\":\"heading-medium\"}},{\"type\":\"text\",\"props\":{\"column_breakpoint\":\"m\",\"content\":\"\n\n<p>K\\u0131br\\u0131s'ta sivil kat\\u0131l\\u0131m ve aktif vatanda\\u015fl\\u0131k, kurumsal engeller veya vatanda\\u015flar\\u0131n stat\\u00fclerine ili\\u015fkin fark\\u0131ndal\\u0131k eksikli\\u011fi gibi bir\\u00e7ok zorlukla kar\\u015f\\u0131 kar\\u015f\\u0131yad\\u0131r.<\\\/p>\\n\n\n<p>Aktif vatanda\\u015fl\\u0131k ve sivil kat\\u0131l\\u0131m, e\\u015fitlik\\u00e7i ve dayan\\u0131kl\\u0131 bir toplum in\\u015fa etmek i\\u00e7in hayati \\u00f6neme sahiptir. EMERGE, sivil toplumu g\\u00fc\\u00e7lendirmek ve sivil kat\\u0131l\\u0131m\\u0131 te\\u015fvik etmek i\\u00e7in kapsaml\\u0131 bir \\u00e7er\\u00e7eve ortaya koymay\\u0131 \\u00f6ng\\u00f6r\\u00fcyor.<\\\/p>\",\"margin\":\"default\"}},{\"type\":\"button\",\"props\":{\"grid_column_gap\":\"small\",\"grid_row_gap\":\"small\",\"margin\":\"default\"},\"children\":[{\"type\":\"button_item\",\"props\":{\"button_style\":\"primary\",\"content\":\"Devam\\u0131n\\u0131 oku\",\"icon_align\":\"left\",\"link\":\"\\\/tr\\\/about\"}}]}]},{\"type\":\"column\",\"props\":{\"image_position\":\"center-center\",\"position_sticky\":\"column\",\"position_sticky_breakpoint\":\"\",\"position_sticky_offset\":\"1\",\"width_medium\":\"1-3\"},\"children\":[{\"type\":\"image\",\"props\":{\"animation\":\"parallax\",\"block_align_breakpoint\":\"l\",\"block_align_fallback\":\"center\",\"class\":\"uk-visible@s\",\"image\":\"wp-content\\\/uploads\\\/2022\\\/10\\\/EMERGE-about.svg\",\"image_alt\":\"EMERGE-about\",\"image_svg_color\":\"emphasis\",\"margin\":\"default\",\"maxwidth\":\"medium\",\"parallax_easing\":\"1\",\"parallax_scale\":\"1,0.8\"}}]}]},{\"type\":\"row\",\"children\":[{\"type\":\"column\",\"props\":{\"image_position\":\"center-center\",\"position_sticky_breakpoint\":\"m\"},\"children\":[{\"type\":\"divider\",\"props\":{\"class\":\"uk-hidden\",\"divider_element\":\"hr\"}}]}]},{\"type\":\"row\",\"children\":[{\"type\":\"column\",\"props\":{\"image_position\":\"center-center\",\"position_sticky_breakpoint\":\"m\"},\"children\":[{\"type\":\"divider\",\"props\":{\"class\":\"uk-hidden\",\"divider_element\":\"hr\"}}]}]}],\"name\":\"about\"},{\"type\":\"section\",\"props\":{\"image_position\":\"center-center\",\"padding\":\"large\",\"preserve_color\":true,\"style\":\"secondary\",\"title_breakpoint\":\"xl\",\"title_position\":\"top-left\",\"title_rotation\":\"left\",\"vertical_align\":\"middle\",\"width\":\"default\"},\"children\":[{\"type\":\"row\",\"props\":{\"layout\":\"2-3,1-3\",\"match\":true},\"children\":[{\"type\":\"column\",\"props\":{\"image_position\":\"center-center\",\"position_sticky\":\"column\",\"position_sticky_breakpoint\":\"\",\"position_sticky_offset\":\"10\",\"width_medium\":\"2-3\"},\"children\":[{\"type\":\"headline\",\"props\":{\"content\":\"E-\\u00d6\\u011eREN\\u0130M\",\"title_color\":\"warning\",\"title_element\":\"h2\",\"title_style\":\"heading-medium\"}},{\"type\":\"text\",\"props\":{\"column_breakpoint\":\"m\",\"content\":\"\n\n<p>Platformda hem Vatanda\\u015flar\\u0131n G\\u00fc\\u00e7lendirilmesi Kursuna hem de Sivil Toplum \\u00d6rg\\u00fctleri ( ST\\u00d6'ler) i\\u00e7in Kapasite Geli\\u015ftirme E\\u011fitimine eri\\u015febilirsiniz. Vatanda\\u015f\\u0131 G\\u00fc\\u00e7lendirme Kursunun amac\\u0131, kat\\u0131l\\u0131mc\\u0131lar\\u0131n temel toplumsal konular, mevcut ger\\u00e7ekler ve zorluklar hakk\\u0131ndaki anlay\\u0131\\u015flar\\u0131n\\u0131 derinle\\u015ftirmektir. Kurs, sivil kat\\u0131l\\u0131m\\u0131n \\u00f6nemini ve sivil toplum \\u00f6rg\\u00fctlerinin kamusal s\\u00fcre\\u00e7leri etkilemedeki ve vatanda\\u015flar\\u0131n haklar\\u0131n\\u0131 ve bak\\u0131\\u015f a\\u00e7\\u0131lar\\u0131n\\u0131 savunmadaki rol\\u00fcn\\u00fc vurgulamaktad\\u0131r. Sivil Toplum \\u00d6rg\\u00fctleri ( ST\\u00d6'ler) i\\u00e7in Kapasite Geli\\u015ftirme E\\u011fitimi, ST\\u00d6'lerin kapasitelerini ve s\\u00fcrd\\u00fcr\\u00fclebilirliklerini geli\\u015ftirmeyi, bu \\u00f6rg\\u00fctleri desteklemeyi ve g\\u00fc\\u00e7lendirmeyi taahh\\u00fct etmektedir.<\\\/p>\",\"margin\":\"default\",\"text_color\":\"warning\"}},{\"type\":\"button\",\"props\":{\"grid_column_gap\":\"small\",\"grid_row_gap\":\"small\",\"margin\":\"default\"},\"children\":[{\"type\":\"button_item\",\"props\":{\"button_style\":\"primary\",\"content\":\"Platformu ziyaret ediniz\",\"icon_align\":\"left\",\"link\":\"https:\\\/\\\/elearning.emergeproject.net\\\/\",\"link_target\":\"blank\"}}]}]},{\"type\":\"column\",\"props\":{\"image_position\":\"center-center\",\"position_sticky\":\"column\",\"position_sticky_breakpoint\":\"\",\"position_sticky_offset\":\"1\",\"width_medium\":\"1-3\"},\"children\":[{\"type\":\"image\",\"props\":{\"animation\":\"parallax\",\"block_align_breakpoint\":\"l\",\"block_align_fallback\":\"center\",\"image\":\"wp-content\\\/uploads\\\/2022\\\/10\\\/EMERGE_elearning.svg\",\"image_alt\":\"EMERGE-about\",\"image_svg_color\":\"emphasis\",\"margin\":\"default\",\"maxwidth\":\"medium\",\"parallax_easing\":\"1\",\"parallax_y\":\"0,100\"}}]}]}],\"name\":\"e-learning\"},{\"type\":\"section\",\"props\":{\"animation\":\"slide-bottom\",\"class\":\"th--bgRed\",\"image_position\":\"center-center\",\"style\":\"default\",\"title_breakpoint\":\"xl\",\"title_position\":\"top-left\",\"title_rotation\":\"left\",\"vertical_align\":\"middle\",\"width\":\"default\"},\"children\":[{\"type\":\"row\",\"children\":[{\"type\":\"column\",\"props\":{\"image_position\":\"center-center\",\"position_sticky_breakpoint\":\"m\"},\"children\":[{\"type\":\"headline\",\"props\":{\"class\":\"uk-text-uppercase\\t\",\"content\":\"Haberler\",\"text_align\":\"left\",\"title_color\":\"warning\",\"title_element\":\"h3\",\"title_style\":\"heading-medium\"}},{\"type\":\"grid\",\"props\":{\"class\":\"news-grid\",\"content_column_breakpoint\":\"m\",\"css\":\".uk-child-width-1-1.uk-child-width-1-3\\\\@m.uk-grid-match.uk-grid {\\n  display: flex;\\n  justify-content: center;\\n}\",\"filter_align\":\"left\",\"filter_all\":true,\"filter_grid_breakpoint\":\"m\",\"filter_grid_width\":\"auto\",\"filter_position\":\"top\",\"filter_style\":\"tab\",\"grid_default\":\"1\",\"grid_medium\":\"3\",\"icon_width\":80,\"image_align\":\"top\",\"image_grid_breakpoint\":\"m\",\"image_grid_width\":\"1-2\",\"image_svg_color\":\"emphasis\",\"item_animation\":true,\"link_style\":\"secondary\",\"link_text\":\"\",\"margin\":\"default\",\"meta_align\":\"below-title\",\"meta_element\":\"div\",\"meta_style\":\"text-meta\",\"panel_link\":true,\"panel_style\":\"card-default\",\"parallax_easing\":\"1\",\"show_content\":true,\"show_image\":true,\"show_link\":true,\"show_meta\":true,\"show_title\":true,\"title_align\":\"top\",\"title_element\":\"h3\",\"title_grid_breakpoint\":\"m\",\"title_grid_width\":\"1-2\",\"title_hover_style\":\"reset\"},\"children\":[{\"type\":\"grid_item\",\"source\":{\"query\":{\"name\":\"posts.customPosts\",\"arguments\":{\"terms\":[10],\"category_operator\":\"IN\",\"post_tag_operator\":\"IN\",\"users\":[],\"users_operator\":\"IN\",\"offset\":0,\"limit\":10,\"order\":\"date\",\"order_direction\":\"DESC\"}},\"props\":{\"title\":{\"filters\":{\"search\":\"\"},\"name\":\"title\"},\"content\":{\"filters\":{\"search\":\"\"},\"name\":\"excerpt\"},\"image\":{\"filters\":{\"search\":\"\"},\"name\":\"featuredImage.url\"},\"link\":{\"filters\":{\"search\":\"\"},\"name\":\"link\"}}}}],\"name\":\"News grid bkp 3.11.22\"},{\"type\":\"button\",\"props\":{\"grid_column_gap\":\"small\",\"grid_row_gap\":\"small\",\"margin\":\"default\",\"text_align\":\"center\"},\"children\":[{\"type\":\"button_item\",\"props\":{\"button_style\":\"primary\",\"content\":\"[all_news_header]\",\"icon_align\":\"left\",\"link\":\"news\"},\"source\":{\"query\":{\"name\":\"categories.customCategories\",\"arguments\":{\"id\":0,\"offset\":0,\"limit\":10,\"order\":\"term_order\",\"order_direction\":\"ASC\"}},\"props\":{\"_condition\":{\"filters\":{\"condition\":\">\",\"condition_value\":\"1\"},\"name\":\"count\"}}}}]}]}]}],\"name\":\"news\"},{\"type\":\"section\",\"props\":{\"animation\":\"slide-bottom\",\"image_position\":\"center-center\",\"preserve_color\":true,\"style\":\"primary\",\"title_breakpoint\":\"xl\",\"title_position\":\"top-left\",\"title_rotation\":\"left\",\"vertical_align\":\"middle\",\"width\":\"default\"},\"children\":[{\"type\":\"row\",\"children\":[{\"type\":\"column\",\"props\":{\"image_position\":\"center-center\",\"position_sticky_breakpoint\":\"m\",\"width_medium\":\"1-2\"},\"children\":[{\"type\":\"headline\",\"props\":{\"class\":\"uk-text-uppercase\\t\",\"content\":\"Bize Ula\\u015f\\u0131n\\u0131z\",\"text_align\":\"left\",\"title_color\":\"warning\",\"title_element\":\"h3\",\"title_style\":\"heading-medium\"}},{\"type\":\"text\",\"props\":{\"column_breakpoint\":\"m\",\"content\":\"\n\n<p>[contact-form-7 id=\\\"8\\\" title=\\\"Contact form EN\\\"]<\\\/p>\",\"margin\":\"default\",\"text_color\":\"emphasis\"}}]},{\"type\":\"column\",\"props\":{\"image_position\":\"center-center\",\"position_sticky_breakpoint\":\"m\",\"vertical_align\":\"middle\",\"width_medium\":\"1-2\"},\"children\":[{\"type\":\"image\",\"props\":{\"animation\":\"slide-bottom-medium\",\"block_align\":\"center\",\"class\":\"uk-visible@m\",\"image\":\"wp-content\\\/uploads\\\/2022\\\/10\\\/EMERGE_contact-1.svg\",\"image_alt\":\"EMERGE_contact\",\"image_svg_color\":\"emphasis\",\"image_width\":\"250\",\"margin\":\"default\",\"maxwidth\":\"medium\",\"maxwidth_breakpoint\":\"l\",\"text_align\":\"center\"}}]}],\"props\":{\"layout\":\"1-2,1-2\"}}]}],\"version\":\"4.2.13\"} --><\/p>\n","protected":false},"excerpt":{"rendered":"<p>Sivil Kat\u0131l\u0131m\u0131 ve Kat\u0131l\u0131m\u0131 G\u00fc\u00e7lendirmek Sivil Kat\u0131l\u0131m\u0131 ve Kat\u0131l\u0131m\u0131 G\u00fc\u00e7lendirmek HAKKINDA K\u0131br\u0131s&#8217;ta sivil kat\u0131l\u0131m ve aktif vatanda\u015fl\u0131k, kurumsal engeller veya vatanda\u015flar\u0131n stat\u00fclerine ili\u015fkin fark\u0131ndal\u0131k eksikli\u011fi..<\/p>\n","protected":false},"author":1,"featured_media":0,"parent":0,"menu_order":0,"comment_status":"closed","ping_status":"closed","template":"","meta":{"_acf_changed":false,"inline_featured_image":false,"footnotes":""},"class_list":["post-1171","page","type-page","status-publish","hentry"],"acf":[],"_links":{"self":[{"href":"https:\/\/emergeproject.net\/tr\/wp-json\/wp\/v2\/pages\/1171","targetHints":{"allow":["GET"]}}],"collection":[{"href":"https:\/\/emergeproject.net\/tr\/wp-json\/wp\/v2\/pages"}],"about":[{"href":"https:\/\/emergeproject.net\/tr\/wp-json\/wp\/v2\/types\/page"}],"author":[{"embeddable":true,"href":"https:\/\/emergeproject.net\/tr\/wp-json\/wp\/v2\/users\/1"}],"replies":[{"embeddable":true,"href":"https:\/\/emergeproject.net\/tr\/wp-json\/wp\/v2\/comments?post=1171"}],"version-history":[{"count":18,"href":"https:\/\/emergeproject.net\/tr\/wp-json\/wp\/v2\/pages\/1171\/revisions"}],"predecessor-version":[{"id":2510,"href":"https:\/\/emergeproject.net\/tr\/wp-json\/wp\/v2\/pages\/1171\/revisions\/2510"}],"wp:attachment":[{"href":"https:\/\/emergeproject.net\/tr\/wp-json\/wp\/v2\/media?parent=1171"}],"curies":[{"name":"wp","href":"https:\/\/api.w.org\/{rel}","templated":true}]}}