{"id":1173,"date":"2022-10-25T14:59:27","date_gmt":"2022-10-25T12:59:27","guid":{"rendered":"https:\/\/emergeproject.net\/resources-2\/"},"modified":"2024-03-14T10:20:46","modified_gmt":"2024-03-14T08:20:46","slug":"resources","status":"publish","type":"page","link":"https:\/\/emergeproject.net\/tr\/resources\/","title":{"rendered":"Kaynaklar"},"content":{"rendered":"<hr>\n<div>\n<p>        <img decoding=\"async\" src=\"\/wp-content\/uploads\/2022\/10\/EMERGE-mainIllu-2.svg\" alt=\"Face to Face material\"><\/p>\n<h3>Y\u00fcz Y\u00fcze E\u011fitim Materyalleri (E\u011fitmenler i\u00e7in)<\/h3>\n<div>\n<p>EMERGE projesi taraf\u0131ndan geli\u015ftirilen iki kurs, Yurtta\u015f G\u00fc\u00e7lendirme Kursu ve Sivil Toplum \u00d6rg\u00fctleri (ST\u00d6&#8217;ler) i\u00e7in Kapasite Geli\u015ftirme E\u011fitim Program\u0131, bu alanlardaki potansiyel e\u011fitmenler i\u00e7in \u00f6zel olarak tasarlanm\u0131\u015f kapsaml\u0131 materyaller sunmaktad\u0131r. Ayr\u0131nt\u0131l\u0131 ders planlar\u0131, PowerPoint sunumlar\u0131, \u00e7al\u0131\u015fma sayfalar\u0131 ve de\u011ferlendirme uygulamalar\u0131 i\u00e7eren bu kaynaklar, e\u011fitmenleri her bir kursla ilgili i\u00e7eri\u011fin etkili bir \u015fekilde sunulmas\u0131 i\u00e7in gerekli ara\u00e7larla donatmaktad\u0131r. Kurslar\u0131n esnek s\u00fcrelere sahip mod\u00fcler yap\u0131s\u0131, e\u011fitmenlerin i\u00e7eri\u011fi kendi gruplar\u0131n\u0131n \u00f6\u011frenme ihtiya\u00e7lar\u0131na g\u00f6re uyarlamalar\u0131na olanak tan\u0131r. T\u00fcm bu materyaller EMERGE web sitesinden indirilebilir ve e\u011fitmenlerin e\u011fitim ihtiya\u00e7lar\u0131na y\u00f6nelik olarak dijital veya bas\u0131l\u0131 formatlarda kolayca eri\u015fmelerine ve kullanmalar\u0131na olanak tan\u0131r.<\/p>\n<\/div>\n<p><a href=\"https:\/\/emergeproject.net\/tr\/resources\/face-to-face-material\/\">Devam\u0131n\u0131 oku<\/a><\/p>\n<\/div>\n<div>\n<p>        <img decoding=\"async\" src=\"\/wp-content\/uploads\/2022\/10\/EMERGE_resources.svg\" alt=\"EMERGE - Resources\"><\/p>\n<h3> Ara\u00e7 seti<\/h3>\n<div>\n<p>Bu \u00e7evrimi\u00e7i <strong>ara\u00e7 seti<\/strong>, sivil toplum kurulu\u015flar\u0131n\u0131n ve \u00e7al\u0131\u015fanlar\u0131n\u0131n sorumluluklar\u0131n\u0131 ve faaliyetlerini etkin bir \u015fekilde yerine getirebilmeleri i\u00e7in tasarlanm\u0131\u015f kontrol listeleri (checklists), ara\u00e7lar, \u015fablonlar (templates) ve ek kaynaklar da dahil olmak \u00fczere kapsaml\u0131 bir kaynak seti sunmaktad\u0131r. Proje y\u00f6netiminden rehberlik, ileti\u015fim ve savunuculu\u011fa kadar uzanan bu ara\u00e7 seti, sivil toplum kurulu\u015flar\u0131n\u0131n \u00e7abalar\u0131n\u0131n etkinli\u011fini ve ba\u015far\u0131s\u0131n\u0131 art\u0131rmak i\u00e7in de\u011ferli bir kaynak g\u00f6revi g\u00f6rmektedir.<\/p>\n<\/div>\n<p><a href=\"https:\/\/emergeproject.net\/wp-content\/other-docs\/toolkit-tr\/content\/index.html\">Ara\u00e7 setini ziyaret edin<\/a><\/p>\n<\/div>\n<div>\n<p>        <img decoding=\"async\" src=\"\/wp-content\/uploads\/2022\/10\/EMERGE-videos.svg\" alt=\"EMERGE - Videos\"><\/p>\n<h3>Videolar<\/h3>\n<div>Proje ya\u015fam d\u00f6ng\u00fcs\u00fc boyunca \u015fu konularda \u00e7al\u0131\u015fan temsilcilerle r\u00f6portajlar i\u00e7eren 5 k\u0131sa video \u00fcretilecek: E\u011fitim, \u0130nsan Haklar\u0131 ve Kat\u0131l\u0131m, Cinsiyet ve Aktif Vatanda\u015f projeyi ve faaliyetlerini sunacak.<\/div>\n<\/div>\n<h4>#1 Apolitik bir ortamda toplumun rol\u00fc<\/h4>\n<p><iframe src=\"https:\/\/www.youtube.com\/watch?v=GQ_TG6LVlHM\"><\/iframe><\/p>\n<div>Vatanda\u015f\u0131n m\u00fc\u015ftereklere kat\u0131l\u0131m\u0131n\u0131 ve n\u00fcfuzunu s\u0131n\u0131rlayan nedenler ve parametreler nelerdir, vatanda\u015f\u0131n siyasetten uzak oldu\u011fu ve siyasete g\u00fcvenmedi\u011fi bir d\u00f6nemde toplum \u00f6rg\u00fctleri nas\u0131l bir faaliyet ve denetim unsuru olabilir? Kar\u015f\u0131la\u015ft\u0131klar\u0131 zorluklar nelerdir ve sonu\u00e7ta \u00f6nemli kararlar\u0131 ne \u00f6l\u00e7\u00fcde etkileyebilirler? Pints \u200b\u200b\u200b\u200bof Politics &#8211; Sivil Toplum S\u00fcr\u00fcm\u00fc&#8217;n\u00fcn ilk b\u00f6l\u00fcm\u00fcnde Antonis ve Panos, sosyolog Nikos Peristianis ve CARDET&#8217;in ileti\u015fim y\u00f6neticisi Savva Charalambous ile toplumun Demokrasinin geli\u015fimindeki rol\u00fcn\u00fc tart\u0131\u015f\u0131yor.<\/div>\n<h4>#2 Cinsiyet e\u015fitli\u011fi, yeni stereotipler ve cinsel e\u011fitimde zorluklar<\/h4>\n<p><iframe src=\"https:\/\/www.youtube.com\/watch?v=3I0_H3rHQtA\"><\/iframe><\/p>\n<div>Akdeniz Toplumsal Cinsiyet \u00c7al\u0131\u015fmalar\u0131 Enstit\u00fcs\u00fc&#8217;nden Susanna Pavlou ve Aile Planlamas\u0131 Derne\u011fi&#8217;nden Maria Epaminondas&#8217;la birlikte Pints of Politics, Sivil Toplum Bask\u0131s\u0131&#8217;nda toplumsal cinsiyet e\u015fitli\u011fini, cinsel e\u011fitimi, kad\u0131n cinayetlerini su\u00e7 haline getiren yasa tasar\u0131s\u0131n\u0131 ve toplumsal cinsiyet stereotiplerini tart\u0131\u015f\u0131yoruz. E\u015fitlik konusunda ne kadar ileri gittik? Siyasette kota gerekli midir? Cinsel e\u011fitimin desteklenmesine kar\u015f\u0131 nas\u0131l bir muhalefet oldu? Ne kadar yard\u0131mc\u0131 olabilir ve ba\u015fka ne yap\u0131lmas\u0131 gerekiyor? Toplumsal cinsiyet stereotiplerinin \u00fcstesinden geldik mi yoksa bunlar sadece \u015fekil mi de\u011fi\u015ftiriyor?<\/div>\n<h4>#3 Bug\u00fcn E\u011fitimde Kar\u015f\u0131la\u015f\u0131lan Zorluklar<\/h4>\n<p><iframe src=\"https:\/\/www.youtube.com\/watch?v=GQ_TG6LVlHM\"><\/iframe><\/p>\n<div>BlackLemonTV ile @EMERGE arac\u0131l\u0131\u011f\u0131yla y\u00fcr\u00fctt\u00fc\u011f\u00fcm\u00fcz Pints of Politics &#8211; Sivil Toplum S\u00fcr\u00fcm\u00fc serisinin \u00fc\u00e7\u00fcnc\u00fc tart\u0131\u015fmas\u0131nda E\u011fitimdeki zorluklara ve ger\u00e7eklere bak\u0131yoruz.<\/div>\n<h4>#4 \u0130nsan Haklar\u0131 S\u00fcrekli Zorluk Alt\u0131nda \u2013 Pints Of Politics \u2013 Sivil Toplum Bask\u0131s\u0131 \u2013 S04E09<\/h4>\n<p><iframe src=\"https:\/\/www.youtube.com\/watch?v=S1FBXKsbn1c\"><\/iframe><\/p>\n<div>K\u0131br\u0131s \u00dcniversitesi Uluslararas\u0131 Hukuk ve \u0130nsan Haklar\u0131 Profes\u00f6r\u00fc Aris Konstantinidis ile insan haklar\u0131 konusunu &#8211; vesilesiyle ve g\u00fcncel olaylarla &#8211; tart\u0131\u015f\u0131yoruz. Kyriakos Mi\u00e7otakis evlilik e\u015fitli\u011fi yasas\u0131n\u0131 bu kadar kans\u0131z ge\u00e7irmeyi nas\u0131l ba\u015fard\u0131 ve K\u0131br\u0131s ne yapmal\u0131? Bir kitab\u0131n, K\u0131br\u0131s&#8217;taki bir anaokulunda yap\u0131ld\u0131\u011f\u0131 gibi, e\u015fcinsel \u00e7iftlerin referanslar\u0131 veya g\u00f6rsellerini i\u00e7ermesi nedeniyle geri \u00e7ekilmesi hakl\u0131 m\u0131? Mahremiyet hakk\u0131 ile g\u00f6zetim hakk\u0131 aras\u0131ndaki ince \u00e7izgi nedir ve bir \u00f6\u011fretmenin ifade \u00f6zg\u00fcrl\u00fc\u011f\u00fc hakk\u0131, bir \u00e7ocu\u011fun e\u015fit muamele hakk\u0131na kar\u015f\u0131 nas\u0131l bir a\u011f\u0131rl\u0131ktad\u0131r? Az\u0131nl\u0131klar\u0131n haklar\u0131n\u0131 \u00e7o\u011funluk belirleyebilir mi ve g\u00f6\u00e7men kar\u015f\u0131t\u0131 pogromlara nas\u0131l ula\u015ft\u0131k?<\/div>\n<h4>#5 EMERGE \u00d6zet Videosu<\/h4>\n<p><iframe src=\"https:\/\/www.youtube.com\/watch?v=8yEdz4Mku9Y\"><\/iframe><\/p>\n<div>Son iki y\u0131lda, EMERGE &#8211; Sivil Kat\u0131l\u0131m\u0131 ve Kat\u0131l\u0131m\u0131 G\u00fc\u00e7lendirme projesi bir dizi yap\u0131land\u0131r\u0131lm\u0131\u015f \u00f6\u011frenme kayna\u011f\u0131 ve arac\u0131 geli\u015ftirdi ve bunun yan\u0131 s\u0131ra \u00e7ok say\u0131da \u00e7al\u0131\u015ftay, web semineri, kamu isti\u015fareleri ve sosyal yard\u0131m etkinliklerine ev sahipli\u011fi yapt\u0131; bunlar\u0131n t\u00fcm\u00fc aktif vatanda\u015flar ve sivil toplum temsilcileriyle ba\u011flant\u0131 kurmak i\u00e7in yap\u0131ld\u0131. K\u0131br\u0131sl\u0131 STK kurulu\u015flar\u0131 ve h\u00fck\u00fcmet yetkilileri.<\/div>\n<p><!--more--><br \/>\n<!-- {\"name\":\"bkp_left-right panel Text - Image\",\"type\":\"layout\",\"children\":[{\"type\":\"section\",\"props\":{\"animation\":\"fade\",\"image_position\":\"center-center\",\"padding_remove_top\":true,\"style\":\"default\",\"title_breakpoint\":\"xl\",\"title_position\":\"top-left\",\"title_rotation\":\"left\",\"vertical_align\":\"middle\",\"width\":\"default\"},\"children\":[{\"type\":\"row\",\"children\":[{\"type\":\"column\",\"props\":{\"image_position\":\"center-center\",\"position_sticky_breakpoint\":\"m\"},\"children\":[{\"type\":\"headline\",\"props\":{\"title_color\":\"primary\",\"title_element\":\"h1\"},\"source\":{\"query\":{\"name\":\"pages.singlePage\"},\"props\":{\"content\":{\"filters\":{\"search\":\"\"},\"name\":\"title\"}}}}]}]},{\"type\":\"row\",\"children\":[{\"type\":\"column\",\"props\":{\"image_position\":\"center-center\",\"position_sticky_breakpoint\":\"m\"},\"children\":[{\"type\":\"divider\",\"props\":{\"class\":\"uk-invisible\",\"divider_element\":\"hr\"}},{\"type\":\"panel\",\"props\":{\"animation\":\"slide-bottom-medium\",\"content\":\"\n\n<p>EMERGE projesi taraf\\u0131ndan geli\\u015ftirilen iki kurs, Yurtta\\u015f G\\u00fc\\u00e7lendirme Kursu ve Sivil Toplum \\u00d6rg\\u00fctleri (ST\\u00d6'ler) i\\u00e7in Kapasite Geli\\u015ftirme E\\u011fitim Program\\u0131, bu alanlardaki potansiyel e\\u011fitmenler i\\u00e7in \\u00f6zel olarak tasarlanm\\u0131\\u015f kapsaml\\u0131 materyaller sunmaktad\\u0131r. Ayr\\u0131nt\\u0131l\\u0131 ders planlar\\u0131, PowerPoint sunumlar\\u0131, \\u00e7al\\u0131\\u015fma sayfalar\\u0131 ve de\\u011ferlendirme uygulamalar\\u0131 i\\u00e7eren bu kaynaklar, e\\u011fitmenleri her bir kursla ilgili i\\u00e7eri\\u011fin etkili bir \\u015fekilde sunulmas\\u0131 i\\u00e7in gerekli ara\\u00e7larla donatmaktad\\u0131r. Kurslar\\u0131n esnek s\\u00fcrelere sahip mod\\u00fcler yap\\u0131s\\u0131, e\\u011fitmenlerin i\\u00e7eri\\u011fi kendi gruplar\\u0131n\\u0131n \\u00f6\\u011frenme ihtiya\\u00e7lar\\u0131na g\\u00f6re uyarlamalar\\u0131na olanak tan\\u0131r. T\\u00fcm bu materyaller EMERGE web sitesinden indirilebilir ve e\\u011fitmenlerin e\\u011fitim ihtiya\\u00e7lar\\u0131na y\\u00f6nelik olarak dijital veya bas\\u0131l\\u0131 formatlarda kolayca eri\\u015fmelerine ve kullanmalar\\u0131na olanak tan\\u0131r.<\\\/p>\",\"content_column_breakpoint\":\"m\",\"icon_width\":80,\"image\":\"wp-content\\\/uploads\\\/2022\\\/10\\\/EMERGE-mainIllu-2.svg\",\"image_align\":\"left\",\"image_alt\":\"Face to Face material\",\"image_grid_breakpoint\":\"m\",\"image_grid_width\":\"1-3\",\"image_svg_color\":\"emphasis\",\"image_width\":\"250\",\"link\":\"https:\\\/\\\/emergeproject.net\\\/tr\\\/resources\\\/face-to-face-material\\\/\",\"link_style\":\"primary\",\"link_text\":\"[readmore_text]\",\"margin\":\"default\",\"meta_align\":\"below-title\",\"meta_element\":\"div\",\"meta_style\":\"text-meta\",\"title\":\"Y\\u00fcz Y\\u00fcze E\\u011fitim Materyalleri (E\\u011fitmenler i\\u00e7in)\",\"title_align\":\"top\",\"title_color\":\"success\",\"title_element\":\"h3\",\"title_grid_breakpoint\":\"m\",\"title_grid_width\":\"1-2\",\"title_hover_style\":\"reset\"},\"name\":\"Face to Face\"}]}]}]},{\"type\":\"section\",\"props\":{\"animation\":\"fade\",\"image_position\":\"center-center\",\"style\":\"default\",\"title_breakpoint\":\"xl\",\"title_position\":\"top-left\",\"title_rotation\":\"left\",\"vertical_align\":\"middle\",\"width\":\"default\"},\"children\":[{\"type\":\"row\",\"children\":[{\"type\":\"column\",\"props\":{\"image_position\":\"center-center\",\"position_sticky_breakpoint\":\"m\"},\"children\":[{\"type\":\"panel\",\"props\":{\"animation\":\"slide-bottom-medium\",\"content\":\"\n\n<p>Bu \\u00e7evrimi\\u00e7i <strong>ara\\u00e7 seti<\\\/strong>, sivil toplum kurulu\\u015flar\\u0131n\\u0131n ve \\u00e7al\\u0131\\u015fanlar\\u0131n\\u0131n sorumluluklar\\u0131n\\u0131 ve faaliyetlerini etkin bir \\u015fekilde yerine getirebilmeleri i\\u00e7in tasarlanm\\u0131\\u015f kontrol listeleri (checklists), ara\\u00e7lar, \\u015fablonlar (templates) ve ek kaynaklar da dahil olmak \\u00fczere kapsaml\\u0131 bir kaynak seti sunmaktad\\u0131r. Proje y\\u00f6netiminden rehberlik, ileti\\u015fim ve savunuculu\\u011fa kadar uzanan bu ara\\u00e7 seti, sivil toplum kurulu\\u015flar\\u0131n\\u0131n \\u00e7abalar\\u0131n\\u0131n etkinli\\u011fini ve ba\\u015far\\u0131s\\u0131n\\u0131 art\\u0131rmak i\\u00e7in de\\u011ferli bir kaynak g\\u00f6revi g\\u00f6rmektedir.<\\\/p>\",\"content_column_breakpoint\":\"m\",\"icon_width\":80,\"image\":\"wp-content\\\/uploads\\\/2022\\\/10\\\/EMERGE_resources.svg\",\"image_align\":\"left\",\"image_alt\":\"EMERGE - Resources\",\"image_grid_breakpoint\":\"m\",\"image_grid_width\":\"1-3\",\"image_svg_color\":\"emphasis\",\"image_width\":\"250\",\"link\":\"https:\\\/\\\/emergeproject.net\\\/wp-content\\\/other-docs\\\/toolkit-tr\\\/content\\\/index.html\",\"link_style\":\"primary\",\"link_target\":true,\"link_text\":\"Ara\\u00e7 setini ziyaret edin\",\"margin\":\"default\",\"meta_align\":\"below-title\",\"meta_element\":\"div\",\"meta_style\":\"text-meta\",\"title\":\" Ara\\u00e7 seti\",\"title_align\":\"top\",\"title_color\":\"success\",\"title_element\":\"h3\",\"title_grid_breakpoint\":\"m\",\"title_grid_width\":\"1-2\",\"title_hover_style\":\"reset\"},\"name\":\"Toolkit\"}]}]}]},{\"type\":\"section\",\"props\":{\"animation\":\"fade\",\"animation_delay\":\"200\",\"image_position\":\"center-center\",\"style\":\"default\",\"title_breakpoint\":\"xl\",\"title_position\":\"top-left\",\"title_rotation\":\"left\",\"vertical_align\":\"middle\",\"width\":\"default\"},\"children\":[{\"type\":\"row\",\"children\":[{\"type\":\"column\",\"props\":{\"image_position\":\"center-center\",\"position_sticky_breakpoint\":\"m\"},\"children\":[{\"type\":\"panel\",\"props\":{\"animation\":\"slide-bottom-medium\",\"content\":\"Proje ya\\u015fam d\\u00f6ng\\u00fcs\\u00fc boyunca \\u015fu konularda \\u00e7al\\u0131\\u015fan temsilcilerle r\\u00f6portajlar i\\u00e7eren 5 k\\u0131sa video \\u00fcretilecek: E\\u011fitim, \\u0130nsan Haklar\\u0131 ve Kat\\u0131l\\u0131m, Cinsiyet ve Aktif Vatanda\\u015f projeyi ve faaliyetlerini sunacak.\",\"content_column_breakpoint\":\"m\",\"icon_width\":80,\"image\":\"wp-content\\\/uploads\\\/2022\\\/10\\\/EMERGE-videos.svg\",\"image_align\":\"left\",\"image_alt\":\"EMERGE - Videos\",\"image_grid_breakpoint\":\"m\",\"image_grid_width\":\"1-3\",\"image_svg_color\":\"emphasis\",\"image_width\":\"250\",\"link_style\":\"primary\",\"link_text\":\"[readmore_text]\",\"margin\":\"default\",\"margin_remove_bottom\":true,\"meta_align\":\"below-title\",\"meta_element\":\"div\",\"meta_style\":\"text-meta\",\"title\":\"Videolar\",\"title_align\":\"top\",\"title_color\":\"success\",\"title_element\":\"h3\",\"title_grid_breakpoint\":\"m\",\"title_grid_width\":\"1-2\",\"title_hover_style\":\"reset\"},\"name\":\"Videos\"}]}]},{\"type\":\"row\",\"children\":[{\"type\":\"column\",\"props\":{\"image_position\":\"center-center\",\"position_sticky_breakpoint\":\"m\",\"width_medium\":\"1-3\"}},{\"type\":\"column\",\"props\":{\"image_position\":\"center-center\",\"position_sticky_breakpoint\":\"m\",\"width_medium\":\"2-3\"},\"children\":[{\"type\":\"headline\",\"props\":{\"content\":\"#1 Apolitik bir ortamda toplumun rol\\u00fc\",\"margin_remove_bottom\":true,\"text_align\":\"left\",\"title_color\":\"secondary\",\"title_element\":\"h4\",\"title_style\":\"h4\"}},{\"type\":\"video\",\"props\":{\"margin\":\"default\",\"maxwidth\":\"2xlarge\",\"video\":\"https:\\\/\\\/www.youtube.com\\\/watch?v=GQ_TG6LVlHM\",\"video_box_shadow\":\"large\",\"video_controls\":true,\"video_height\":\"400\",\"video_width\":\"100%\"}},{\"type\":\"text\",\"props\":{\"column_breakpoint\":\"m\",\"content\":\"Vatanda\\u015f\\u0131n m\\u00fc\\u015ftereklere kat\\u0131l\\u0131m\\u0131n\\u0131 ve n\\u00fcfuzunu s\\u0131n\\u0131rlayan nedenler ve parametreler nelerdir, vatanda\\u015f\\u0131n siyasetten uzak oldu\\u011fu ve siyasete g\\u00fcvenmedi\\u011fi bir d\\u00f6nemde toplum \\u00f6rg\\u00fctleri nas\\u0131l bir faaliyet ve denetim unsuru olabilir? Kar\\u015f\\u0131la\\u015ft\\u0131klar\\u0131 zorluklar nelerdir ve sonu\\u00e7ta \\u00f6nemli kararlar\\u0131 ne \\u00f6l\\u00e7\\u00fcde etkileyebilirler? Pints \\u200b\\u200b\\u200b\\u200bof Politics - Sivil Toplum S\\u00fcr\\u00fcm\\u00fc'n\\u00fcn ilk b\\u00f6l\\u00fcm\\u00fcnde Antonis ve Panos, sosyolog Nikos Peristianis ve CARDET'in ileti\\u015fim y\\u00f6neticisi Savva Charalambous ile toplumun Demokrasinin geli\\u015fimindeki rol\\u00fcn\\u00fc tart\\u0131\\u015f\\u0131yor.\",\"margin\":\"default\",\"maxwidth\":\"2xlarge\",\"text_align\":\"justify\",\"text_color\":\"primary\",\"text_style\":\"meta\"}}]}],\"props\":{\"layout\":\"1-3,2-3\"}},{\"type\":\"row\",\"children\":[{\"type\":\"column\",\"props\":{\"image_position\":\"center-center\",\"position_sticky_breakpoint\":\"m\",\"width_medium\":\"2-3\"},\"children\":[{\"type\":\"headline\",\"props\":{\"content\":\"#2 Cinsiyet e\\u015fitli\\u011fi, yeni stereotipler ve cinsel e\\u011fitimde zorluklar\",\"margin_remove_top\":true,\"text_align\":\"left\",\"title_color\":\"secondary\",\"title_element\":\"h4\",\"title_style\":\"h4\"}},{\"type\":\"video\",\"props\":{\"margin\":\"default\",\"maxwidth\":\"2xlarge\",\"video\":\"https:\\\/\\\/www.youtube.com\\\/watch?v=3I0_H3rHQtA\",\"video_box_shadow\":\"large\",\"video_controls\":true,\"video_height\":\"400\",\"video_width\":\"100%\"}},{\"type\":\"text\",\"props\":{\"column_breakpoint\":\"m\",\"content\":\"Akdeniz Toplumsal Cinsiyet \\u00c7al\\u0131\\u015fmalar\\u0131 Enstit\\u00fcs\\u00fc'nden Susanna Pavlou ve Aile Planlamas\\u0131 Derne\\u011fi'nden Maria Epaminondas'la birlikte Pints of Politics, Sivil Toplum Bask\\u0131s\\u0131'nda toplumsal cinsiyet e\\u015fitli\\u011fini, cinsel e\\u011fitimi, kad\\u0131n cinayetlerini su\\u00e7 haline getiren yasa tasar\\u0131s\\u0131n\\u0131 ve toplumsal cinsiyet stereotiplerini tart\\u0131\\u015f\\u0131yoruz. E\\u015fitlik konusunda ne kadar ileri gittik? Siyasette kota gerekli midir? Cinsel e\\u011fitimin desteklenmesine kar\\u015f\\u0131 nas\\u0131l bir muhalefet oldu? Ne kadar yard\\u0131mc\\u0131 olabilir ve ba\\u015fka ne yap\\u0131lmas\\u0131 gerekiyor? Toplumsal cinsiyet stereotiplerinin \\u00fcstesinden geldik mi yoksa bunlar sadece \\u015fekil mi de\\u011fi\\u015ftiriyor?\",\"margin\":\"default\",\"maxwidth\":\"2xlarge\",\"text_align\":\"justify\",\"text_color\":\"primary\",\"text_style\":\"meta\"}}]},{\"type\":\"column\",\"props\":{\"image_position\":\"center-center\",\"position_sticky_breakpoint\":\"m\",\"width_medium\":\"1-3\"}}],\"props\":{\"layout\":\"2-3,1-3\"}},{\"type\":\"row\",\"children\":[{\"type\":\"column\",\"props\":{\"image_position\":\"center-center\",\"position_sticky_breakpoint\":\"m\",\"width_medium\":\"1-3\"}},{\"type\":\"column\",\"props\":{\"image_position\":\"center-center\",\"position_sticky_breakpoint\":\"m\",\"width_medium\":\"2-3\"},\"children\":[{\"type\":\"headline\",\"props\":{\"content\":\"#3 Bug\\u00fcn E\\u011fitimde Kar\\u015f\\u0131la\\u015f\\u0131lan Zorluklar\",\"margin_remove_bottom\":true,\"text_align\":\"left\",\"title_color\":\"secondary\",\"title_element\":\"h4\",\"title_style\":\"h4\"}},{\"type\":\"video\",\"props\":{\"margin\":\"default\",\"maxwidth\":\"2xlarge\",\"video\":\"https:\\\/\\\/www.youtube.com\\\/watch?v=GQ_TG6LVlHM\",\"video_box_shadow\":\"large\",\"video_controls\":true,\"video_height\":\"400\",\"video_width\":\"100%\"}},{\"type\":\"text\",\"props\":{\"column_breakpoint\":\"m\",\"content\":\"BlackLemonTV ile @EMERGE arac\\u0131l\\u0131\\u011f\\u0131yla y\\u00fcr\\u00fctt\\u00fc\\u011f\\u00fcm\\u00fcz Pints of Politics - Sivil Toplum S\\u00fcr\\u00fcm\\u00fc serisinin \\u00fc\\u00e7\\u00fcnc\\u00fc tart\\u0131\\u015fmas\\u0131nda E\\u011fitimdeki zorluklara ve ger\\u00e7eklere bak\\u0131yoruz.\",\"margin\":\"default\",\"maxwidth\":\"2xlarge\",\"text_align\":\"justify\",\"text_color\":\"primary\",\"text_style\":\"meta\"}}]}],\"props\":{\"layout\":\"1-3,2-3\"}}],\"name\":\"Video section - Turkish\"},{\"type\":\"section\",\"props\":{\"image_position\":\"center-center\",\"style\":\"default\",\"title_breakpoint\":\"xl\",\"title_position\":\"top-left\",\"title_rotation\":\"left\",\"vertical_align\":\"middle\",\"width\":\"default\"},\"children\":[{\"type\":\"row\",\"children\":[{\"type\":\"column\",\"props\":{\"image_position\":\"center-center\",\"position_sticky_breakpoint\":\"m\",\"width_medium\":\"2-3\"},\"children\":[{\"type\":\"headline\",\"props\":{\"content\":\"#4 \\u0130nsan Haklar\\u0131 S\\u00fcrekli Zorluk Alt\\u0131nda \\u2013 Pints Of Politics \\u2013 Sivil Toplum Bask\\u0131s\\u0131 \\u2013 S04E09\",\"margin_remove_top\":true,\"text_align\":\"left\",\"title_color\":\"secondary\",\"title_element\":\"h4\",\"title_style\":\"h4\"}},{\"type\":\"video\",\"props\":{\"margin\":\"default\",\"maxwidth\":\"2xlarge\",\"video\":\"https:\\\/\\\/www.youtube.com\\\/watch?v=S1FBXKsbn1c\",\"video_box_shadow\":\"large\",\"video_controls\":true,\"video_height\":\"400\",\"video_width\":\"100%\"}},{\"type\":\"text\",\"props\":{\"column_breakpoint\":\"m\",\"content\":\"K\\u0131br\\u0131s \\u00dcniversitesi Uluslararas\\u0131 Hukuk ve \\u0130nsan Haklar\\u0131 Profes\\u00f6r\\u00fc Aris Konstantinidis ile insan haklar\\u0131 konusunu - vesilesiyle ve g\\u00fcncel olaylarla - tart\\u0131\\u015f\\u0131yoruz. Kyriakos Mi\\u00e7otakis evlilik e\\u015fitli\\u011fi yasas\\u0131n\\u0131 bu kadar kans\\u0131z ge\\u00e7irmeyi nas\\u0131l ba\\u015fard\\u0131 ve K\\u0131br\\u0131s ne yapmal\\u0131? Bir kitab\\u0131n, K\\u0131br\\u0131s'taki bir anaokulunda yap\\u0131ld\\u0131\\u011f\\u0131 gibi, e\\u015fcinsel \\u00e7iftlerin referanslar\\u0131 veya g\\u00f6rsellerini i\\u00e7ermesi nedeniyle geri \\u00e7ekilmesi hakl\\u0131 m\\u0131? Mahremiyet hakk\\u0131 ile g\\u00f6zetim hakk\\u0131 aras\\u0131ndaki ince \\u00e7izgi nedir ve bir \\u00f6\\u011fretmenin ifade \\u00f6zg\\u00fcrl\\u00fc\\u011f\\u00fc hakk\\u0131, bir \\u00e7ocu\\u011fun e\\u015fit muamele hakk\\u0131na kar\\u015f\\u0131 nas\\u0131l bir a\\u011f\\u0131rl\\u0131ktad\\u0131r? Az\\u0131nl\\u0131klar\\u0131n haklar\\u0131n\\u0131 \\u00e7o\\u011funluk belirleyebilir mi ve g\\u00f6\\u00e7men kar\\u015f\\u0131t\\u0131 pogromlara nas\\u0131l ula\\u015ft\\u0131k?\",\"margin\":\"default\",\"maxwidth\":\"2xlarge\",\"text_align\":\"justify\",\"text_color\":\"primary\",\"text_style\":\"meta\"}}]},{\"type\":\"column\",\"props\":{\"image_position\":\"center-center\",\"position_sticky_breakpoint\":\"m\",\"width_medium\":\"1-3\"}}],\"props\":{\"layout\":\"2-3,1-3\"}},{\"type\":\"row\",\"children\":[{\"type\":\"column\",\"props\":{\"image_position\":\"center-center\",\"position_sticky_breakpoint\":\"m\",\"width_medium\":\"1-3\"}},{\"type\":\"column\",\"props\":{\"image_position\":\"center-center\",\"position_sticky_breakpoint\":\"m\",\"width_medium\":\"2-3\"},\"children\":[{\"type\":\"headline\",\"props\":{\"content\":\"#5 EMERGE \\u00d6zet Videosu\",\"margin_remove_top\":true,\"text_align\":\"left\",\"title_color\":\"secondary\",\"title_element\":\"h4\",\"title_style\":\"h4\"}},{\"type\":\"video\",\"props\":{\"margin\":\"default\",\"maxwidth\":\"2xlarge\",\"video\":\"https:\\\/\\\/www.youtube.com\\\/watch?v=8yEdz4Mku9Y\",\"video_box_shadow\":\"large\",\"video_controls\":true,\"video_height\":\"400\",\"video_width\":\"100%\"}},{\"type\":\"text\",\"props\":{\"column_breakpoint\":\"m\",\"content\":\"Son iki y\\u0131lda, EMERGE - Sivil Kat\\u0131l\\u0131m\\u0131 ve Kat\\u0131l\\u0131m\\u0131 G\\u00fc\\u00e7lendirme projesi bir dizi yap\\u0131land\\u0131r\\u0131lm\\u0131\\u015f \\u00f6\\u011frenme kayna\\u011f\\u0131 ve arac\\u0131 geli\\u015ftirdi ve bunun yan\\u0131 s\\u0131ra \\u00e7ok say\\u0131da \\u00e7al\\u0131\\u015ftay, web semineri, kamu isti\\u015fareleri ve sosyal yard\\u0131m etkinliklerine ev sahipli\\u011fi yapt\\u0131; bunlar\\u0131n t\\u00fcm\\u00fc aktif vatanda\\u015flar ve sivil toplum temsilcileriyle ba\\u011flant\\u0131 kurmak i\\u00e7in yap\\u0131ld\\u0131. K\\u0131br\\u0131sl\\u0131 STK kurulu\\u015flar\\u0131 ve h\\u00fck\\u00fcmet yetkilileri.\",\"margin\":\"default\",\"maxwidth\":\"2xlarge\",\"text_align\":\"justify\",\"text_color\":\"primary\",\"text_style\":\"meta\"}}]}],\"props\":{\"layout\":\"1-3,2-3\"}}],\"name\":\"video section - VIDEO #4\"}],\"version\":\"4.2.13\"} --><\/p>\n","protected":false},"excerpt":{"rendered":"<p>Y\u00fcz Y\u00fcze E\u011fitim Materyalleri (E\u011fitmenler i\u00e7in) EMERGE projesi taraf\u0131ndan geli\u015ftirilen iki kurs, Yurtta\u015f G\u00fc\u00e7lendirme Kursu ve Sivil Toplum \u00d6rg\u00fctleri (ST\u00d6&#8217;ler) i\u00e7in Kapasite Geli\u015ftirme E\u011fitim Program\u0131,..<\/p>\n","protected":false},"author":1,"featured_media":0,"parent":0,"menu_order":0,"comment_status":"closed","ping_status":"closed","template":"","meta":{"_acf_changed":false,"inline_featured_image":false,"footnotes":""},"class_list":["post-1173","page","type-page","status-publish","hentry"],"acf":[],"_links":{"self":[{"href":"https:\/\/emergeproject.net\/tr\/wp-json\/wp\/v2\/pages\/1173","targetHints":{"allow":["GET"]}}],"collection":[{"href":"https:\/\/emergeproject.net\/tr\/wp-json\/wp\/v2\/pages"}],"about":[{"href":"https:\/\/emergeproject.net\/tr\/wp-json\/wp\/v2\/types\/page"}],"author":[{"embeddable":true,"href":"https:\/\/emergeproject.net\/tr\/wp-json\/wp\/v2\/users\/1"}],"replies":[{"embeddable":true,"href":"https:\/\/emergeproject.net\/tr\/wp-json\/wp\/v2\/comments?post=1173"}],"version-history":[{"count":19,"href":"https:\/\/emergeproject.net\/tr\/wp-json\/wp\/v2\/pages\/1173\/revisions"}],"predecessor-version":[{"id":2506,"href":"https:\/\/emergeproject.net\/tr\/wp-json\/wp\/v2\/pages\/1173\/revisions\/2506"}],"wp:attachment":[{"href":"https:\/\/emergeproject.net\/tr\/wp-json\/wp\/v2\/media?parent=1173"}],"curies":[{"name":"wp","href":"https:\/\/api.w.org\/{rel}","templated":true}]}}